{"id":331,"date":"2019-02-08T11:31:23","date_gmt":"2019-02-08T10:31:23","guid":{"rendered":"https:\/\/fourchars.com\/?page_id=331"},"modified":"2020-09-21T16:07:02","modified_gmt":"2020-09-21T14:07:02","slug":"privacy","status":"publish","type":"page","link":"https:\/\/fourchars.com\/de\/privacy\/","title":{"rendered":"Datenschutz"},"content":{"rendered":"<div id=\"pl-gb331-69e16c0c23511\"  class=\"panel-layout\" ><div id=\"pg-gb331-69e16c0c23511-0\"  class=\"panel-grid panel-no-style\" ><div id=\"pgc-gb331-69e16c0c23511-0-0\"  class=\"panel-grid-cell\" ><div id=\"panel-gb331-69e16c0c23511-0-0-0\" class=\"so-panel widget widget_sow-editor panel-first-child panel-last-child\" data-index=\"0\" ><div class=\"so-widget-sow-editor so-widget-sow-editor-base\">\n<div class=\"siteorigin-widget-tinymce textwidget\">\n\t<p>Fourchars sch\u00fctzt Ihre Privatsph\u00e4re. Wir unterliegen den strengen europ\u00e4ischen Datenschutzbestimmungen und sammeln grunds\u00e4tzlich keine privaten Daten.<br \/>\nDiese Datenschutzhinweise gelten f\u00fcr die Datenverarbeitung durch Fourchars, juristisch verantwortlich: LockMyPix GmbH &amp; Co. KG, Faraz Francois Zolfaghari, Wiesengrund 1, 28865 Lilienthal, Deutschland. E-Mail: hello@fourchars.com (Kein Support unter dieser Adresse!)<\/p>\n<h4>Welche Daten erheben wir?<\/h4>\n<p>Automatisch erhobene, statistische Daten f\u00fcr die Weiterentwicklung und Optimierung unserer Angebote, werden grundlegend <strong>anonymisiert<\/strong> (IP-Adresse unbekannt) und werden ausschlie\u00dflich nur dann erhoben, wenn Sie unsere Website aufrufen oder mit uns z.B. per E-Mail in Kontakt treten. Durch die Anonymisierung gibt es keinen Zusammenhang zwischen Ihrer Person und bspw. der Uhrzeit wann Sie unsere Website aufgerufen haben.<\/p>\n<p>Folgende pers\u00f6nliche Daten erhalten wir eventuell bei der Kontaktaufnahme mit uns per E-Mail:<br \/>\n&#8211; Pers\u00f6nliche Angaben (z.B. Vor- und Nachnamen, Adresse, E-Mail-Adresse);<\/p>\n<p>Folgende pers\u00f6nliche Daten erhalten wir wenn Sie unsere Website aufrufen:<br \/>\n&#8211; z.B. Zuordnungsmerkmale mobiler Endger\u00e4te wie Useragent, Daten zu Ihren Besuchen auf unserer Website wie Uhrzeit oder aufgerufene Seiten, Endger\u00e4te mit denen Sie unsere Websitebesucht haben<\/p>\n<h4>Wer erh\u00e4lt ggf. statistisch erhobene, personenbezogene Daten?<\/h4>\n<p>Eine \u00dcbermittlung Ihrer pers\u00f6nlichen Daten an Dritte, nicht in dieser Datenschutzerkl\u00e4rung genannten Dienstleiter, findet ausnahmslos nicht statt. Falls einzelne Funktionen unserer Website auf beauftragte Dienstleister zur\u00fcckgreifen, informieren wir Sie im Rahmen dieser Datenschutzerkl\u00e4rung im Detail \u00fcber die jeweiligen Vorg\u00e4nge.<\/p>\n<h4>Welchem Zweck dienen Ihre Daten und mit welcher Rechtfertigung d\u00fcrfen wir diese nutzen?<\/h4>\n<p>Automatisch erhobene, statistische Daten werden f\u00fcr die Weiterentwicklung und Optimierung unserer Angebote verwendet. Wenn Sie unsere Website ausschlie\u00dflich dazu nutzen, sich \u00fcber unsere Services zu informieren, erheben wir nur die personenbezogenen Daten, die Ihr Browser an unseren Server \u00fcbermittelt. Wenn Sie unsere Website betrachten m\u00f6chten, erheben wir die folgenden Daten, die f\u00fcr uns technisch erforderlich sind, um Ihnen unsere Website anzuzeigen und die Stabilit\u00e4t und Sicherheit zu gew\u00e4hrleisten (Art. 6 Abs. 1 S. 1 lit. f DSGVO):<\/p>\n<ul>\n<li>Datum und Uhrzeit der Anfrage<\/li>\n<li>Zeitzonendifferenz zur Greenwich Mean Time (GMT)<\/li>\n<li>Inhalt der Anforderung (konkrete Seite)<\/li>\n<li>Zugriffsstatus\/HTTP-Statuscode<\/li>\n<li>jeweils \u00fcbertragene Datenmenge<\/li>\n<li>Website, von der die Anforderung kommt<\/li>\n<li>Browser<\/li>\n<li>Betriebssystem und dessen Oberfl\u00e4che<\/li>\n<li>Sprache und Version der Browsersoftware.<\/li>\n<\/ul>\n<p>Zus\u00e4tzlich zu diesen Daten werden bei Ihrer Nutzung unserer Website auch Cookies auf Ihrem Rechner gespeichert. Bei Cookies handelt es sich um kleine Textdateien, die auf Ihrer Festplatte dem von Ihnen verwendeten Browser zugeordnet gespeichert werden und durch welche der Stelle, die den Cookie setzt (in diesem Falle durch uns), bestimmte Informationen zuflie\u00dfen. Cookies k\u00f6nnen keine Programme ausf\u00fchren oder Viren auf Ihren Computer \u00fcbertragen. Sie dienen einzig dazu, das Internetangebot insgesamt Nutzungsfreundlicher und effektiver zu machen.<\/p>\n<p>Einsatz von Cookies:<\/p>\n<ol>\n<li>Diese Website nutzt folgende Arten von Cookies, deren Umfang und Funktionsweise im Folgenden erl\u00e4utert werden:<\/li>\n<\/ol>\n<ul>\n<li>Transiente Cookies (dazu 2)<\/li>\n<li>Persistente Cookies (dazu 3).<\/li>\n<\/ul>\n<ol>\n<li value=\"2\">Transiente Cookies werden automatisiert gel\u00f6scht, wenn Sie den Browser schlie\u00dfen. Dazu z\u00e4hlen insbesondere die Session-Cookies. Diese speichern eine sogenannte Session-ID, mit welcher sich verschiedene Anfragen Ihres Browsers der gemeinsamen Sitzung zuordnen lassen. Dadurch kann Ihr Rechner wiedererkannt werden, wenn Sie auf unsere Website zur\u00fcckkehren. Die Session-Cookies werden gel\u00f6scht, wenn Sie sich ausloggen oder den Browser schlie\u00dfen.<\/li>\n<\/ol>\n<ol>\n<li value=\"3\">Persistente Cookies werden automatisiert nach einer vorgegebenen Dauer gel\u00f6scht, die sich je nach Cookie unterscheiden kann. Sie k\u00f6nnen die Cookies in den Sicherheitseinstellungen Ihres Browsers jederzeit l\u00f6schen.<\/li>\n<\/ol>\n<ol>\n<li value=\"4\">Sie k\u00f6nnen Ihre Browser-Einstellung entsprechend Ihren W\u00fcnschen konfigurieren und z.\u2009B. die Annahme von Third-Party-Cookies oder allen Cookies ablehnen. Wir weisen Sie darauf hin, dass Sie so dann eventuell nicht alle Funktionen dieser Website nutzen k\u00f6nnen.<\/li>\n<\/ol>\n<p>Wollen Sie per E-Mail oder \u00fcber unser Kontaktformular einen Termin vereinbaren oder eine Frage an uns richten, werden die von Ihnen mitgeteilten Daten (Ihre E-Mail-Adresse, ggf. Ihr Name und Ihre Telefonnummer) von uns gespeichert, um Ihnen einen Termin zuzuweisen oder Ihre Anfrage beantworten zu k\u00f6nnen. Die in diesem Zusammenhang anfallenden Daten l\u00f6schen wir, nachdem die Speicherung nicht mehr erforderlich ist, oder schr\u00e4nken die Verarbeitung ein, falls gesetzliche Aufbewahrungspflichten bestehen (Rechtsgrundlage ist Art. 6 Abs. 1 S. 1 lit. b DSGVO).<\/p>\n<h4>Google Analytics<\/h4>\n<p>Unsere Website verwendet f\u00fcr statistische Zwecke Google Analytics. Anbieter ist die Google Inc., 1600 Amphitheatre Parkway Mountain View, CA 94043, USA. Von Google werden eventuell Cookies auf dem Endger\u00e4t angelegt, um die Funktionalit\u00e4t zu gew\u00e4hrleisten. Die durch die Cookies gesammelten Informationen werden im Regelfall an einen Google-Server in den USA gesandt und dort gespeichert.<\/p>\n<p>Mehr Informationen zum Umgang mit Nutzerdaten bei Google Analytics finden Sie in den Datenschutzerkl\u00e4rungen von Google: <a href=\"https:\/\/support.google.com\/analytics\/answer\/6004245?hl=de\" target=\"_blank\" rel=\"noopener noreferrer\">https:\/\/support.google.com\/analytics\/answer\/6004245?hl=de<\/a><\/p>\n<h4>Werbung<\/h4>\n<p>Sofern Werbung auf unseren Webseiten eingeblendet wird, wird die Werbeeinblendung von Google AdSense bereitgestellt. Anbieter ist die Google Inc., 1600 Amphitheatre Parkway Mountain View, CA 94043, USA. Von Google werden eventuell Cookies auf dem Endger\u00e4t angelegt, um die Funktionalit\u00e4t zu gew\u00e4hrleisten. Die durch die Cookies gesammelten Informationen werden im Regelfall an einen Google-Server in den USA gesandt und dort gespeichert.<\/p>\n<p>Mehr Informationen zum Umgang mit Nutzerdaten bei Google AdSense finden du in den Datenschutzerkl\u00e4rungen von Google: <a href=\"https:\/\/support.google.com\/analytics\/answer\/6004245?hl=de\" target=\"_blank\" rel=\"noopener noreferrer\">https:\/\/support.google.com\/analytics\/answer\/6004245?hl=de<\/a><\/p>\n<h4>Datensicherheit<\/h4>\n<p>Unsere IT-Infrastruktur und organisatorische Sicherheitsma\u00dfnahmen entsprechen den aktuellen Standards und werden laufend optimiert, um Daten gegen zuf\u00e4llige oder vors\u00e4tzliche Manipulationen, teilweisen oder vollst\u00e4ndigen Verlust, Zerst\u00f6rung oder gegen den unbefugten Zugriff Dritter zu sch\u00fctzen. Unsere Sicherheitsma\u00dfnahmen werden fortlaufend, entsprechend technologischer Entwicklungen, optimiert.<\/p>\n<h4>Aktualit\u00e4t und \u00c4nderung dieser Datenschutzerkl\u00e4rung<\/h4>\n<p>Diese Datenschutzerkl\u00e4rung ist aktuell g\u00fcltig und hat den Stand 02.2019. Aufgrund ge\u00e4nderter gesetzlicher beziehungsweise beh\u00f6rdlicher Vorgaben kann es notwendig werden, diese Datenschutzerkl\u00e4rung zu \u00e4ndern. Die jeweils aktuelle Fassung finden Sie auf dieser Webseite. Die Datenschutzerkl\u00e4rung kann jederzeit eingesehen werden.<\/p>\n<\/div>\n<\/div><\/div><\/div><\/div><\/div>","protected":false},"excerpt":{"rendered":"","protected":false},"author":1,"featured_media":0,"parent":0,"menu_order":0,"comment_status":"closed","ping_status":"closed","template":"","meta":[],"_links":{"self":[{"href":"https:\/\/fourchars.com\/de\/wp-json\/wp\/v2\/pages\/331"}],"collection":[{"href":"https:\/\/fourchars.com\/de\/wp-json\/wp\/v2\/pages"}],"about":[{"href":"https:\/\/fourchars.com\/de\/wp-json\/wp\/v2\/types\/page"}],"author":[{"embeddable":true,"href":"https:\/\/fourchars.com\/de\/wp-json\/wp\/v2\/users\/1"}],"replies":[{"embeddable":true,"href":"https:\/\/fourchars.com\/de\/wp-json\/wp\/v2\/comments?post=331"}],"version-history":[{"count":11,"href":"https:\/\/fourchars.com\/de\/wp-json\/wp\/v2\/pages\/331\/revisions"}],"predecessor-version":[{"id":419,"href":"https:\/\/fourchars.com\/de\/wp-json\/wp\/v2\/pages\/331\/revisions\/419"}],"wp:attachment":[{"href":"https:\/\/fourchars.com\/de\/wp-json\/wp\/v2\/media?parent=331"}],"curies":[{"name":"wp","href":"https:\/\/api.w.org\/{rel}","templated":true}]}}